{"id":247,"date":"2015-04-02T10:58:58","date_gmt":"2015-04-02T14:58:58","guid":{"rendered":"http:\/\/gadbulan.gob.ec\/azuay\/?page_id=247"},"modified":"2024-01-15T15:13:23","modified_gmt":"2024-01-15T19:13:23","slug":"proyecto-cabalgata-de-integracion-y-fomento-turistico","status":"publish","type":"page","link":"https:\/\/gadbulan.gob.ec\/azuay\/proyecto-cabalgata-de-integracion-y-fomento-turistico\/","title":{"rendered":"PROYECTO \u00abCABALGATA DE INTEGRACI\u00d3N Y FOMENTO TUR\u00cdSTICO DE LA PARROQUIA"},"content":{"rendered":"<p style=\"text-align: center;\"><strong>PERIODO 2019 &#8211; 2023<\/strong><\/p>\n<p><strong>Cabalgata de Integraci\u00f3n y Fomento tur\u00edstico a\u00f1o 2023<\/strong><\/p>\n<p><a href=\"https:\/\/gadbulan.gob.ec\/azuay\/wp-content\/uploads\/2024\/01\/informe-cabalgata_compressed-signed-signed-1.pdf\">Informe de la Cabalgata de integracion y fomento turistico a\u00f1o 2023-signed-signed<\/a><\/p>\n<p>&nbsp;<\/p>\n<p>&nbsp;<\/p>\n<p style=\"text-align: center;\"><strong>PERIODO 2014 &#8211; 2019<\/strong><\/p>\n<p><strong><a href=\"http:\/\/gadbulan.gob.ec\/azuay\/wp-content\/uploads\/2015\/04\/CABALGATA-DE-INTEGRACIO-Y-FOMENTO-TURISTICO..pdf\">CABALGATA DE INTEGRACIO Y FOMENTO TURISTICO DE LA PARROQUIA 2014.<\/a><\/strong><\/p>\n<p><a href=\"http:\/\/gadbulan.gob.ec\/azuay\/wp-content\/uploads\/2015\/04\/DSC01765.jpg\"><img loading=\"lazy\" decoding=\"async\" class=\"alignnone size-medium wp-image-260\" src=\"http:\/\/gadbulan.gob.ec\/azuay\/wp-content\/uploads\/2015\/04\/DSC01765-300x225.jpg\" alt=\"\" width=\"300\" height=\"225\" data-id=\"260\" srcset=\"https:\/\/gadbulan.gob.ec\/azuay\/wp-content\/uploads\/2015\/04\/DSC01765-300x225.jpg 300w, https:\/\/gadbulan.gob.ec\/azuay\/wp-content\/uploads\/2015\/04\/DSC01765.jpg 1024w\" sizes=\"auto, (max-width: 300px) 100vw, 300px\" \/><\/a>\u00a0\u00a0\u00a0\u00a0\u00a0\u00a0 <a href=\"http:\/\/gadbulan.gob.ec\/azuay\/wp-content\/uploads\/2015\/04\/DSC01823.jpg\"><img loading=\"lazy\" decoding=\"async\" class=\"alignnone size-medium wp-image-263\" src=\"http:\/\/gadbulan.gob.ec\/azuay\/wp-content\/uploads\/2015\/04\/DSC01823-300x225.jpg\" alt=\"DSC01823\" width=\"300\" height=\"225\" data-id=\"263\" srcset=\"https:\/\/gadbulan.gob.ec\/azuay\/wp-content\/uploads\/2015\/04\/DSC01823-300x225.jpg 300w, https:\/\/gadbulan.gob.ec\/azuay\/wp-content\/uploads\/2015\/04\/DSC01823.jpg 1024w\" sizes=\"auto, (max-width: 300px) 100vw, 300px\" \/><\/a><\/p>\n<p>&nbsp;<\/p>\n<p><a href=\"http:\/\/gadbulan.gob.ec\/azuay\/wp-content\/uploads\/2015\/04\/DSC01796.jpg\"><img loading=\"lazy\" decoding=\"async\" class=\"alignnone size-medium wp-image-265\" src=\"http:\/\/gadbulan.gob.ec\/azuay\/wp-content\/uploads\/2015\/04\/DSC01796-300x225.jpg\" alt=\"DSC01796\" width=\"300\" height=\"225\" data-id=\"265\" srcset=\"https:\/\/gadbulan.gob.ec\/azuay\/wp-content\/uploads\/2015\/04\/DSC01796-300x225.jpg 300w, https:\/\/gadbulan.gob.ec\/azuay\/wp-content\/uploads\/2015\/04\/DSC01796.jpg 1024w\" sizes=\"auto, (max-width: 300px) 100vw, 300px\" \/><\/a>\u00a0\u00a0\u00a0\u00a0\u00a0 <a href=\"http:\/\/gadbulan.gob.ec\/azuay\/wp-content\/uploads\/2015\/04\/DSC01817.jpg\"><img loading=\"lazy\" decoding=\"async\" class=\"alignnone size-medium wp-image-266\" src=\"http:\/\/gadbulan.gob.ec\/azuay\/wp-content\/uploads\/2015\/04\/DSC01817-300x225.jpg\" alt=\"DSC01817\" width=\"300\" height=\"225\" data-id=\"266\" srcset=\"https:\/\/gadbulan.gob.ec\/azuay\/wp-content\/uploads\/2015\/04\/DSC01817-300x225.jpg 300w, https:\/\/gadbulan.gob.ec\/azuay\/wp-content\/uploads\/2015\/04\/DSC01817.jpg 1024w\" sizes=\"auto, (max-width: 300px) 100vw, 300px\" \/><\/a><\/p>\n<p>&nbsp;<\/p>\n<p><strong><a href=\"http:\/\/gadbulan.gob.ec\/azuay\/wp-content\/uploads\/2015\/04\/INFORME-DEL-PROYECTO-CABALGATA-2015.pdf\">PROYECTO-CABALGATA DE INTEGRACION Y FOMENTO TURISTICO DE LA PARROQUIA-2015<\/a><\/strong><\/p>\n<p><a href=\"http:\/\/gadbulan.gob.ec\/azuay\/wp-content\/uploads\/2015\/04\/Arte-lona.jpg\"><img loading=\"lazy\" decoding=\"async\" class=\"alignnone size-medium wp-image-506\" src=\"http:\/\/gadbulan.gob.ec\/azuay\/wp-content\/uploads\/2015\/04\/Arte-lona-300x223.jpg\" alt=\"Arte lona\" width=\"300\" height=\"223\" data-id=\"506\" srcset=\"https:\/\/gadbulan.gob.ec\/azuay\/wp-content\/uploads\/2015\/04\/Arte-lona-300x223.jpg 300w, https:\/\/gadbulan.gob.ec\/azuay\/wp-content\/uploads\/2015\/04\/Arte-lona.jpg 794w\" sizes=\"auto, (max-width: 300px) 100vw, 300px\" \/><\/a><\/p>\n<p>&nbsp;<\/p>\n<p><strong><a href=\"http:\/\/gadbulan.gob.ec\/azuay\/wp-content\/uploads\/2015\/04\/CABALGATA-DE-INTEGRACION-Y-FOMENTO-TURISTICO-BULAN-2016.pdf\">CABALGATA DE INTEGRACION Y FOMENTO TURISTICO BULAN 2016<\/a><\/strong><\/p>\n<p><a href=\"http:\/\/gadbulan.gob.ec\/azuay\/wp-content\/uploads\/2015\/04\/cabalgata.jpg\"><img loading=\"lazy\" decoding=\"async\" class=\"alignnone size-medium wp-image-1438\" src=\"http:\/\/gadbulan.gob.ec\/azuay\/wp-content\/uploads\/2015\/04\/cabalgata-550x309.jpg\" alt=\"\" width=\"550\" height=\"309\" data-id=\"1438\" srcset=\"https:\/\/gadbulan.gob.ec\/azuay\/wp-content\/uploads\/2015\/04\/cabalgata-550x309.jpg 550w, https:\/\/gadbulan.gob.ec\/azuay\/wp-content\/uploads\/2015\/04\/cabalgata-768x432.jpg 768w, https:\/\/gadbulan.gob.ec\/azuay\/wp-content\/uploads\/2015\/04\/cabalgata.jpg 1024w\" sizes=\"auto, (max-width: 550px) 100vw, 550px\" \/><\/a><\/p>\n<p>&nbsp;<\/p>\n","protected":false},"excerpt":{"rendered":"<p>PERIODO 2019 &#8211; 2023 Cabalgata de Integraci\u00f3n y Fomento tur\u00edstico a\u00f1o 2023 Informe de la Cabalgata de integracion y fomento turistico a\u00f1o 2023-signed-signed &nbsp; &nbsp; PERIODO 2014 &#8211; 2019 CABALGATA DE INTEGRACIO Y FOMENTO TURISTICO DE LA PARROQUIA 2014. \u00a0\u00a0\u00a0\u00a0\u00a0\u00a0 &nbsp; \u00a0\u00a0\u00a0\u00a0\u00a0 &nbsp; PROYECTO-CABALGATA DE INTEGRACION Y FOMENTO TURISTICO DE LA PARROQUIA-2015 &nbsp; CABALGATA DE [&hellip;]<\/p>\n","protected":false},"author":4,"featured_media":0,"parent":0,"menu_order":0,"comment_status":"closed","ping_status":"closed","template":"","meta":{"footnotes":""},"yst_prominent_words":[128,75,192],"class_list":["post-247","page","type-page","status-publish","hentry"],"_links":{"self":[{"href":"https:\/\/gadbulan.gob.ec\/azuay\/wp-json\/wp\/v2\/pages\/247","targetHints":{"allow":["GET"]}}],"collection":[{"href":"https:\/\/gadbulan.gob.ec\/azuay\/wp-json\/wp\/v2\/pages"}],"about":[{"href":"https:\/\/gadbulan.gob.ec\/azuay\/wp-json\/wp\/v2\/types\/page"}],"author":[{"embeddable":true,"href":"https:\/\/gadbulan.gob.ec\/azuay\/wp-json\/wp\/v2\/users\/4"}],"replies":[{"embeddable":true,"href":"https:\/\/gadbulan.gob.ec\/azuay\/wp-json\/wp\/v2\/comments?post=247"}],"version-history":[{"count":13,"href":"https:\/\/gadbulan.gob.ec\/azuay\/wp-json\/wp\/v2\/pages\/247\/revisions"}],"predecessor-version":[{"id":4490,"href":"https:\/\/gadbulan.gob.ec\/azuay\/wp-json\/wp\/v2\/pages\/247\/revisions\/4490"}],"wp:attachment":[{"href":"https:\/\/gadbulan.gob.ec\/azuay\/wp-json\/wp\/v2\/media?parent=247"}],"wp:term":[{"taxonomy":"yst_prominent_words","embeddable":true,"href":"https:\/\/gadbulan.gob.ec\/azuay\/wp-json\/wp\/v2\/yst_prominent_words?post=247"}],"curies":[{"name":"wp","href":"https:\/\/api.w.org\/{rel}","templated":true}]}}