{"id":2598,"date":"2020-05-28T14:57:56","date_gmt":"2020-05-28T18:57:56","guid":{"rendered":"http:\/\/gadbulan.gob.ec\/azuay\/?page_id=2598"},"modified":"2026-03-03T20:40:56","modified_gmt":"2026-03-04T00:40:56","slug":"pagina-oficial-del-gad-bulan","status":"publish","type":"page","link":"https:\/\/gadbulan.gob.ec\/azuay\/","title":{"rendered":"P\u00e1gina Oficial del GAD Bul\u00e1n"},"content":{"rendered":"[vc_row][vc_column][vc_row_inner][vc_column_inner][vc_column_text css_animation=\u00bbnone\u00bb]\n<p style=\"text-align: center;\"><span style=\"font-size: 14pt;\"><strong>\u201cCRONOGRAMA DE RENDICI\u00d3N DE CUENTAS\u201d<\/strong><\/span><\/p>\n<p><img loading=\"lazy\" decoding=\"async\" class=\"size-medium wp-image-5938 aligncenter\" src=\"https:\/\/gadbulan.gob.ec\/azuay\/wp-content\/uploads\/2026\/03\/WhatsApp-Image-2026-03-03-at-2.24.35-PM-533x800.jpeg\" alt=\"\" width=\"533\" height=\"800\" srcset=\"https:\/\/gadbulan.gob.ec\/azuay\/wp-content\/uploads\/2026\/03\/WhatsApp-Image-2026-03-03-at-2.24.35-PM-533x800.jpeg 533w, https:\/\/gadbulan.gob.ec\/azuay\/wp-content\/uploads\/2026\/03\/WhatsApp-Image-2026-03-03-at-2.24.35-PM-683x1024.jpeg 683w, https:\/\/gadbulan.gob.ec\/azuay\/wp-content\/uploads\/2026\/03\/WhatsApp-Image-2026-03-03-at-2.24.35-PM-768x1152.jpeg 768w, https:\/\/gadbulan.gob.ec\/azuay\/wp-content\/uploads\/2026\/03\/WhatsApp-Image-2026-03-03-at-2.24.35-PM.jpeg 1024w\" sizes=\"auto, (max-width: 533px) 100vw, 533px\" \/><\/p>\n<p style=\"text-align: center;\"><span style=\"font-size: 14pt;\"><strong>\u201cCONTRATACION DEL SERVICIO DE PRESENTACI\u00d3N ARTISTICA POR LA CONMEMORACI\u00d3N DE LOS 85 A\u00d1OS DE VIDA PARROQUIAL\u00a0DE\u00a0BUL\u00c1N\u201d<\/strong><\/span><\/p>\n<p><img loading=\"lazy\" decoding=\"async\" class=\"aligncenter wp-image-5556 size-full\" src=\"https:\/\/gadbulan.gob.ec\/azuay\/wp-content\/uploads\/2025\/02\/WhatsApp-Image-2025-02-07-at-10.39.51.jpeg\" alt=\"\" width=\"940\" height=\"788\" srcset=\"https:\/\/gadbulan.gob.ec\/azuay\/wp-content\/uploads\/2025\/02\/WhatsApp-Image-2025-02-07-at-10.39.51.jpeg 940w, https:\/\/gadbulan.gob.ec\/azuay\/wp-content\/uploads\/2025\/02\/WhatsApp-Image-2025-02-07-at-10.39.51-550x461.jpeg 550w, https:\/\/gadbulan.gob.ec\/azuay\/wp-content\/uploads\/2025\/02\/WhatsApp-Image-2025-02-07-at-10.39.51-768x644.jpeg 768w\" sizes=\"auto, (max-width: 940px) 100vw, 940px\" \/>[\/vc_column_text][\/vc_column_inner][\/vc_row_inner][vc_row_inner][vc_column_inner width=\u00bb1\/2&#8243;][vc_column_text]<img loading=\"lazy\" decoding=\"async\" class=\"size-medium wp-image-4282 aligncenter\" src=\"https:\/\/gadbulan.gob.ec\/azuay\/wp-content\/uploads\/2023\/08\/imagenBulan-e1691163864331-550x409.png\" alt=\"\" width=\"550\" height=\"409\" srcset=\"https:\/\/gadbulan.gob.ec\/azuay\/wp-content\/uploads\/2023\/08\/imagenBulan-e1691163864331-550x409.png 550w, https:\/\/gadbulan.gob.ec\/azuay\/wp-content\/uploads\/2023\/08\/imagenBulan-e1691163864331-768x572.png 768w, https:\/\/gadbulan.gob.ec\/azuay\/wp-content\/uploads\/2023\/08\/imagenBulan-e1691163864331.png 864w\" sizes=\"auto, (max-width: 550px) 100vw, 550px\" \/>[\/vc_column_text][\/vc_column_inner][vc_column_inner width=\u00bb1\/2&#8243;][vc_column_text]\n<p>&nbsp;<\/p>\n<p><strong>EL GOBIERNO AUTONOMO DESCENTRALIZADO PARROQUIAL DE BULAN<\/strong>, convoca a trav\u00e9s del portal institucional de Servicio Nacional de Contrataci\u00f3n P\u00fablica, a todas las personas naturales o jur\u00eddicas, de manera individual, o a trav\u00e9s de asociaciones o consorcios o por compromiso de asociaci\u00f3n o consorcios, que est\u00e9n domiciliadas en la Provincia del Azuay de preferencia en el Cant\u00f3n Paute, para la presentaci\u00f3n de ofertas relacionadas con la Contrataci\u00f3n de \u201c<strong>ADQUISICI\u00d3N DE RACIONES ALIMENTICIAS PARA EL DESARROLLO DEL PROYECTO ACCION SOLIDARIA EN ATENCION A LOS GRUPOS VULNERABLES DE LA PARROQUIA BULAN CORRESPONDIENTE A 2023<\/strong>\u201d, signado FI-GADPB-001-2023.<\/p>\n<p><strong>Nota:<\/strong> La socializaci\u00f3n, preguntas, respuestas y aclaraciones sobre el proceso de contrataci\u00f3n \u201c<strong>ADQUISICI\u00d3N DE RACIONES ALIMENTICIAS PARA EL DESARROLLO DEL PROYECTO ACCION SOLIDARIA EN ATENCION A LOS GRUPOS VULNERABLES DE LA PARROQUIA BULAN CORRESPONDIENTE A 2023<\/strong>\u201d se llevar\u00e1 a cabo el d\u00eda lunes 07 de agosto de 2023, en el sal\u00f3n de eventos del GAD Parroquial de Bul\u00e1n, a partir de las 15h00 (tres de la tarde).[\/vc_column_text][\/vc_column_inner][\/vc_row_inner][\/vc_column][\/vc_row][vc_row][vc_column width=\u00bb1\/2&#8243;][vc_column_text]\n<p style=\"text-align: center;\"><img loading=\"lazy\" decoding=\"async\" class=\"alignnone size-full wp-image-4223 aligncenter\" src=\"https:\/\/gadbulan.gob.ec\/azuay\/wp-content\/uploads\/2023\/07\/WhatsApp-Image-2023-07-24-at-10.43.40.jpeg\" alt=\"\" width=\"445\" height=\"287\" \/><\/p>\n<p>&nbsp;<\/p>\n<p style=\"text-align: center;\"><span style=\"font-size: 14pt;\"><strong><em>EL GAD PARROQUIAL DE BUL\u00c1N<\/em><\/strong><\/span><\/p>\n<p>Con la finalidad de reconocer a las entidades por transparentar y garantizar el acceso a la informaci\u00f3n p\u00fablica, se confiere la presente Certificaci\u00f3n por la presentaci\u00f3n del Informe anual sobre el cumplimiento del derecho de acceso a la informaci\u00f3n p\u00fablica per\u00edodo 2022 y el sello defensorial por el citado cumplimiento para publicaci\u00f3n en un lugar visible del sitio web institucional y para la incorporaci\u00f3n en las redes sociales institucionales.<\/p>\n<p><a href=\"https:\/\/gadbulan.gob.ec\/azuay\/wp-content\/uploads\/2023\/08\/WhatsApp-Image-2023-08-01-at-9.14.04-AM.jpeg\"><img loading=\"lazy\" decoding=\"async\" class=\" wp-image-4256 aligncenter\" src=\"https:\/\/gadbulan.gob.ec\/azuay\/wp-content\/uploads\/2023\/08\/WhatsApp-Image-2023-08-01-at-9.14.04-AM.jpeg\" alt=\"\" width=\"227\" height=\"370\" \/><\/a>[\/vc_column_text][\/vc_column][vc_column width=\u00bb1\/2&#8243;][vc_column_text]\n<p>&nbsp;<\/p>\n<p>&nbsp;<\/p>\n<p>&nbsp;<\/p>\n<p>&nbsp;<\/p>\n<p>La Defensor\u00eda del Pueblo, con la finalidad de reconocer a las entidades que se encuentran obligadas a transparentar y garantizar el acceso a la informaci\u00f3n p\u00fablica, nos dio a conocer que el GAD permite contar con la Insignia anual de registro de catastro 2022, que deber\u00e1 ser incorporada en la p\u00e1gina web y las redes sociales. Insignia con la cual se valida que el GAD Parroquial de BULAN se encuentra registrado en la base de datos del catastro defensorial constante en el aplicativo web \u00abMLOTAIP-Entidades\u00bb.<\/p>\n<p>&nbsp;<\/p>\n<p>&nbsp;<\/p>\n<p>&nbsp;<\/p>\n<p style=\"text-align: center;\"><a href=\"https:\/\/gadbulan.gob.ec\/azuay\/wp-content\/uploads\/2023\/08\/WhatsApp-Image-2023-08-01-at-9.14.03-AM.jpeg\"><img loading=\"lazy\" decoding=\"async\" class=\"alignnone size-medium wp-image-4257\" src=\"https:\/\/gadbulan.gob.ec\/azuay\/wp-content\/uploads\/2023\/08\/WhatsApp-Image-2023-08-01-at-9.14.03-AM-550x388.jpeg\" alt=\"\" width=\"550\" height=\"388\" srcset=\"https:\/\/gadbulan.gob.ec\/azuay\/wp-content\/uploads\/2023\/08\/WhatsApp-Image-2023-08-01-at-9.14.03-AM-550x388.jpeg 550w, https:\/\/gadbulan.gob.ec\/azuay\/wp-content\/uploads\/2023\/08\/WhatsApp-Image-2023-08-01-at-9.14.03-AM-1024x723.jpeg 1024w, https:\/\/gadbulan.gob.ec\/azuay\/wp-content\/uploads\/2023\/08\/WhatsApp-Image-2023-08-01-at-9.14.03-AM-768x542.jpeg 768w, https:\/\/gadbulan.gob.ec\/azuay\/wp-content\/uploads\/2023\/08\/WhatsApp-Image-2023-08-01-at-9.14.03-AM.jpeg 1280w\" sizes=\"auto, (max-width: 550px) 100vw, 550px\" \/><\/a><\/p>\n[\/vc_column_text][\/vc_column][vc_column][\/vc_column][\/vc_row][vc_row bg_type=\u00bbbg_color\u00bb bg_color_value=\u00bb#f7f7f7&#8243; css=\u00bb.vc_custom_1581547090144{padding-top: 0px !important;padding-bottom: 0px !important;}\u00bb][vc_column css=\u00bb.vc_custom_1529671385255{background-position: center !important;background-repeat: no-repeat !important;background-size: cover !important;}\u00bb][vc_row_inner][vc_column_inner]<div id=\"ultimate-heading-311969e383789240c\" class=\"uvc-heading ult-adjust-bottom-margin ultimate-heading-311969e383789240c uvc-3284 accent-border-color\" data-hspacer=\"line_only\"  data-halign=\"center\" style=\"text-align:center\"><div class=\"uvc-main-heading ult-responsive\"  data-ultimate-target='.uvc-heading.ultimate-heading-311969e383789240c h2'  data-responsive-json-new='{\"font-size\":\"desktop:26px;\",\"line-height\":\"desktop:36px;\"}' ><h2 style=\"font-weight:normal;margin-bottom:15px;\">EN LINEA<\/h2><\/div><div class=\"uvc-heading-spacer line_only\" style=\"margin-bottom:60px;height:4px;\"><span class=\"uvc-headings-line\" style=\"border-style:solid;border-bottom-width:4px;border-color:#5e2c35;width:100px;\"><\/span><\/div><\/div>[\/vc_column_inner][\/vc_row_inner][vc_row_inner][vc_column_inner width=\u00bb1\/3&#8243;]<div class=\"ult-just-icon-wrapper  \"><div class=\"align-icon\" style=\"text-align:center;\">\n<div class=\"aio-icon none \" data-animation=\"swing\" data-animation-delay=\"03\" style=\"color:#ea841e;font-size:80px;display:inline-block;\">\n\t<i class=\"Defaults-bar-chart bar-chart-o\"><\/i>\n<\/div><\/div><\/div><div id=\"ultimate-heading-680169e383789258a\" class=\"uvc-heading ult-adjust-bottom-margin ultimate-heading-680169e383789258a uvc-3656 \" data-hspacer=\"no_spacer\"  data-halign=\"center\" style=\"text-align:center\"><div class=\"uvc-heading-spacer no_spacer\" style=\"top\"><\/div><div class=\"uvc-main-heading ult-responsive\"  data-ultimate-target='.uvc-heading.ultimate-heading-680169e383789258a h2'  data-responsive-json-new='{\"font-size\":\"desktop:26px;\",\"line-height\":\"desktop:36px;\"}' ><h2 style=\"font-weight:normal;margin-bottom:5px;\">Rendici\u00f3n de Cuentas<\/h2><\/div><div class=\"uvc-sub-heading ult-responsive\"  data-ultimate-target='.uvc-heading.ultimate-heading-680169e383789258a .uvc-sub-heading '  data-responsive-json-new='{\"font-size\":\"\",\"line-height\":\"desktop:28px;\"}'  style=\"font-weight:normal;margin-bottom:20px;\">Informe anual sobre los trabajos y gesti\u00f3n realizada.<\/div><\/div><div class=\" ubtn-ctn-center \"><a class=\"ubtn-link ult-adjust-bottom-margin ubtn-center ubtn-normal \" href=\"https:\/\/gadbulan.gob.ec\/azuay\/rendicion-de-cuentas-2023\/\" title=\"Rendici\u00f3n de Cuentas 2023\" ><button type=\"button\" id=\"ubtn-7875\"  class=\"ubtn ult-adjust-bottom-margin ult-responsive ubtn-normal ubtn-fade-bg  ulta-float  ubtn-center   tooltip-69e38378925af\"  data-hover=\"\" data-border-color=\"\" data-bg=\"#e0e0e0\" data-hover-bg=\"\" data-border-hover=\"\" data-shadow-hover=\"\" data-shadow-click=\"none\" data-shadow=\"\" data-shd-shadow=\"\"  data-ultimate-target='#ubtn-7875'  data-responsive-json-new='{\"font-size\":\"\",\"line-height\":\"\"}'  style=\"font-weight:normal;border:none;background: #e0e0e0;color: #000000;\"><span class=\"ubtn-hover\" style=\"background-color:\"><\/span><span class=\"ubtn-data ubtn-text \" >Ir a Rendici\u00f3n de Cuentas<\/span><\/button><\/a><\/div>[\/vc_column_inner][vc_column_inner width=\u00bb1\/3&#8243;]<div class=\"ult-just-icon-wrapper  \"><div class=\"align-icon\" style=\"text-align:center;\">\n<div class=\"aio-icon none \" data-animation=\"swing\" data-animation-delay=\"03\" style=\"color:#ea841e;font-size:80px;display:inline-block;\">\n\t<i class=\"Defaults-book\"><\/i>\n<\/div><\/div><\/div><div id=\"ultimate-heading-521369e38378925ff\" class=\"uvc-heading ult-adjust-bottom-margin ultimate-heading-521369e38378925ff uvc-3997 \" data-hspacer=\"no_spacer\"  data-halign=\"center\" style=\"text-align:center\"><div class=\"uvc-heading-spacer no_spacer\" style=\"top\"><\/div><div class=\"uvc-main-heading ult-responsive\"  data-ultimate-target='.uvc-heading.ultimate-heading-521369e38378925ff h2'  data-responsive-json-new='{\"font-size\":\"desktop:26px;\",\"line-height\":\"desktop:36px;\"}' ><h2 style=\"font-weight:normal;margin-bottom:5px;\">PDOT<\/h2><\/div><div class=\"uvc-sub-heading ult-responsive\"  data-ultimate-target='.uvc-heading.ultimate-heading-521369e38378925ff .uvc-sub-heading '  data-responsive-json-new='{\"font-size\":\"\",\"line-height\":\"desktop:28px;\"}'  style=\"font-weight:normal;margin-bottom:20px;\">Descargar el documento del Plan de ordenamiento Territorial.<\/div><\/div><div class=\" ubtn-ctn-center \"><a class=\"ubtn-link ult-adjust-bottom-margin ubtn-center ubtn-normal \" href=\"https:\/\/gadbulan.gob.ec\/azuay\/wp-content\/uploads\/2021\/04\/ACT_PDOT_Bulan-2020_2030.pdf\" target=\"_blank\" rel=\"noopener\" ><button type=\"button\" id=\"ubtn-4302\"  class=\"ubtn ult-adjust-bottom-margin ult-responsive ubtn-normal ubtn-fade-bg  ulta-float  ubtn-center   tooltip-69e383789261a\"  data-hover=\"\" data-border-color=\"\" data-bg=\"#e0e0e0\" data-hover-bg=\"\" data-border-hover=\"\" data-shadow-hover=\"\" data-shadow-click=\"none\" data-shadow=\"\" data-shd-shadow=\"\"  data-ultimate-target='#ubtn-4302'  data-responsive-json-new='{\"font-size\":\"\",\"line-height\":\"\"}'  style=\"font-weight:normal;border:none;background: #e0e0e0;color: #000000;\"><span class=\"ubtn-hover\" style=\"background-color:\"><\/span><span class=\"ubtn-data ubtn-text \" >Descargar<\/span><\/button><\/a><\/div>[\/vc_column_inner][vc_column_inner width=\u00bb1\/3&#8243;]<div class=\"ult-just-icon-wrapper  \"><div class=\"align-icon\" style=\"text-align:center;\">\n<div class=\"aio-icon none \" data-animation=\"swing\" data-animation-delay=\"03\" style=\"color:#ea841e;font-size:80px;display:inline-block;\">\n\t<i class=\"Defaults-camera-retro\"><\/i>\n<\/div><\/div><\/div><div id=\"ultimate-heading-356869e3837892653\" class=\"uvc-heading ult-adjust-bottom-margin ultimate-heading-356869e3837892653 uvc-1484 \" data-hspacer=\"no_spacer\"  data-halign=\"center\" style=\"text-align:center\"><div class=\"uvc-heading-spacer no_spacer\" style=\"top\"><\/div><div class=\"uvc-main-heading ult-responsive\"  data-ultimate-target='.uvc-heading.ultimate-heading-356869e3837892653 h2'  data-responsive-json-new='{\"font-size\":\"desktop:26px;\",\"line-height\":\"desktop:36px;\"}' ><h2 style=\"font-weight:normal;margin-bottom:5px;\">Turismo<\/h2><\/div><div class=\"uvc-sub-heading ult-responsive\"  data-ultimate-target='.uvc-heading.ultimate-heading-356869e3837892653 .uvc-sub-heading '  data-responsive-json-new='{\"font-size\":\"\",\"line-height\":\"desktop:28px;\"}'  style=\"font-weight:normal;margin-bottom:20px;\">Conoce sobre los atractivos tur\u00edsticos de nuestra parroquia.<\/div><\/div><div class=\" ubtn-ctn-center \"><a class=\"ubtn-link ult-adjust-bottom-margin ubtn-center ubtn-normal \" href=\"https:\/\/gadbulan.gob.ec\/azuay\/sitios-turisticos\/\" title=\"Sitios Tur\u00edsticos\" ><button type=\"button\" id=\"ubtn-1531\"  class=\"ubtn ult-adjust-bottom-margin ult-responsive ubtn-normal ubtn-fade-bg  ulta-float  ubtn-center   tooltip-69e383789266a\"  data-hover=\"\" data-border-color=\"\" data-bg=\"#e0e0e0\" data-hover-bg=\"\" data-border-hover=\"\" data-shadow-hover=\"\" data-shadow-click=\"none\" data-shadow=\"\" data-shd-shadow=\"\"  data-ultimate-target='#ubtn-1531'  data-responsive-json-new='{\"font-size\":\"\",\"line-height\":\"\"}'  style=\"font-weight:normal;border:none;background: #e0e0e0;color: #000000;\"><span class=\"ubtn-hover\" style=\"background-color:\"><\/span><span class=\"ubtn-data ubtn-text \" >Ir a Turismo<\/span><\/button><\/a><\/div>[\/vc_column_inner][\/vc_row_inner][vc_column_inner][\/vc_column_inner][\/vc_column][\/vc_row][vc_row bg_type=\u00bbimage\u00bb parallax_style=\u00bbvcpb-vz-jquery\u00bb bg_image_new=\u00bbid^984|url^https:\/\/gadbulan.gob.ec\/azuay\/wp-content\/uploads\/2017\/01\/0003.jpg|caption^null|alt^null|title^0003|description^null\u00bb bg_image_repeat=\u00bbno-repeat\u00bb enable_overlay=\u00bbenable_overlay_value\u00bb overlay_color=\u00bbrgba(0,0,0,0.21)\u00bb css=\u00bb.vc_custom_1690934064151{padding-top: 80px !important;padding-bottom: 80px !important;}\u00bb][vc_column]<div id=\"ultimate-heading-832069e383789269b\" class=\"uvc-heading ult-adjust-bottom-margin ultimate-heading-832069e383789269b uvc-1076 accent-border-color\" data-hspacer=\"line_only\"  data-halign=\"center\" style=\"text-align:center\"><div class=\"uvc-main-heading ult-responsive\"  data-ultimate-target='.uvc-heading.ultimate-heading-832069e383789269b h2'  data-responsive-json-new='{\"font-size\":\"desktop:40px;\",\"line-height\":\"desktop:50px;\"}' ><h2 style=\"font-weight:normal;color:#ffffff;margin-bottom:15px;\">Turismo en Bul\u00e1n<\/h2><\/div><div class=\"uvc-heading-spacer line_only\" style=\"margin-bottom:60px;height:4px;\"><span class=\"uvc-headings-line\" style=\"border-style:solid;border-bottom-width:4px;border-color:#5e2c35;width:100px;\"><\/span><\/div><\/div><div class=\" ubtn-ctn-center \"><a class=\"ubtn-link ult-adjust-bottom-margin ubtn-center ubtn-normal \" href=\"https:\/\/gadbulan.gob.ec\/azuay\/sitios-turisticos\/\" title=\"Sitios Tur\u00edsticos\" ><button type=\"button\" id=\"ubtn-2157\"  class=\"ubtn ult-adjust-bottom-margin ult-responsive ubtn-normal ubtn-fade-bg  ulta-pulse-grow  ubtn-center   tooltip-69e38378926c6\"  data-hover=\"\" data-border-color=\"#dd9933\" data-bg=\"#e0e0e0\" data-hover-bg=\"\" data-border-hover=\"\" data-shadow-hover=\"\" data-shadow-click=\"none\" data-shadow=\"\" data-shd-shadow=\"\"  data-ultimate-target='#ubtn-2157'  data-responsive-json-new='{\"font-size\":\"\",\"line-height\":\"\"}'  style=\"font-weight:normal;border-radius:3px;border-width:1px;border-color:#dd9933;border-style:solid;background: #e0e0e0;color: #000000;\"><span class=\"ubtn-hover\" style=\"background-color:\"><\/span><span class=\"ubtn-data ubtn-text \" >Ir a Turismo<\/span><\/button><\/a><\/div>[\/vc_column][\/vc_row][vc_row][vc_column]<div id=\"ultimate-heading-69669e38378926ff\" class=\"uvc-heading ult-adjust-bottom-margin ultimate-heading-69669e38378926ff uvc-587 accent-border-color\" data-hspacer=\"line_only\"  data-halign=\"center\" style=\"text-align:center\"><div class=\"uvc-main-heading ult-responsive\"  data-ultimate-target='.uvc-heading.ultimate-heading-69669e38378926ff h2'  data-responsive-json-new='{\"font-size\":\"desktop:26px;\",\"line-height\":\"desktop:36px;\"}' ><h2 style=\"font-weight:normal;margin-bottom:15px;\">Mensaje del Se\u00f1or Presidente<\/h2><\/div><div class=\"uvc-heading-spacer line_only\" style=\"margin-bottom:60px;height:4px;\"><span class=\"uvc-headings-line\" style=\"border-style:solid;border-bottom-width:4px;border-color:#5e2c35;width:100px;\"><\/span><\/div><\/div>[vc_row_inner][vc_column_inner width=\u00bb1\/2&#8243;][vc_single_image img_size=\u00bb200&#215;300&#8243; alignment=\u00bbcenter\u00bb css_animation=\u00bbfadeInLeft\u00bb]<div id=\"ultimate-heading-121169e3837892717\" class=\"uvc-heading ult-adjust-bottom-margin ultimate-heading-121169e3837892717 uvc-9232 \" data-hspacer=\"no_spacer\"  data-halign=\"center\" style=\"text-align:center\"><div class=\"uvc-heading-spacer no_spacer\" style=\"top\"><\/div><div class=\"uvc-main-heading ult-responsive\"  data-ultimate-target='.uvc-heading.ultimate-heading-121169e3837892717 h2'  data-responsive-json-new='{\"font-size\":\"desktop:26px;\",\"line-height\":\"desktop:36px;\"}' ><h2 style=\"font-weight:normal;margin-bottom:5px;\">Sr. Jhonny Orellana<\/h2><\/div><div class=\"uvc-sub-heading ult-responsive\"  data-ultimate-target='.uvc-heading.ultimate-heading-121169e3837892717 .uvc-sub-heading '  data-responsive-json-new='{\"font-size\":\"\",\"line-height\":\"desktop:28px;\"}'  style=\"font-weight:normal;margin-bottom:20px;\">\n<p style=\"text-align: center;\"><em>Presidente parroquial<\/em><\/p>\n<\/div><\/div>[\/vc_column_inner][vc_column_inner width=\u00bb1\/2&#8243;][vc_empty_space height=\u00bb42px\u00bb][vc_column_text]\n<div><\/div>\n<div><\/div>\n<div><\/div>\n<blockquote>\n<h4>Un saludo fraterno a todo mi pueblo &#8230;&#8230;&#8230;&#8230;&#8230;&#8230;&#8230;&#8230;&#8230;&#8230;&#8230;&#8230;&#8230;&#8230;&#8230;&#8230;..<\/h4>\n<h4>Presidente del GAD Parroquial<\/h4>\n<\/blockquote>\n[\/vc_column_text][\/vc_column_inner][\/vc_row_inner][\/vc_column][\/vc_row]\n","protected":false},"excerpt":{"rendered":"<p>[vc_row][vc_column][vc_row_inner][vc_column_inner][vc_column_text css_animation=\u00bbnone\u00bb] \u201cCRONOGRAMA DE RENDICI\u00d3N DE CUENTAS\u201d \u201cCONTRATACION DEL SERVICIO DE PRESENTACI\u00d3N ARTISTICA POR LA CONMEMORACI\u00d3N DE LOS 85 A\u00d1OS DE VIDA PARROQUIAL\u00a0DE\u00a0BUL\u00c1N\u201d [\/vc_column_text][\/vc_column_inner][\/vc_row_inner][vc_row_inner][vc_column_inner width=\u00bb1\/2&#8243;][vc_column_text][\/vc_column_text][\/vc_column_inner][vc_column_inner width=\u00bb1\/2&#8243;][vc_column_text] &nbsp; EL GOBIERNO AUTONOMO DESCENTRALIZADO PARROQUIAL DE BULAN, convoca a trav\u00e9s del portal institucional de Servicio Nacional de Contrataci\u00f3n P\u00fablica, a todas las personas naturales o jur\u00eddicas, de manera [&hellip;]<\/p>\n","protected":false},"author":4,"featured_media":0,"parent":0,"menu_order":0,"comment_status":"closed","ping_status":"closed","template":"","meta":{"footnotes":""},"yst_prominent_words":[65,288,304,289,305],"class_list":["post-2598","page","type-page","status-publish","hentry"],"_links":{"self":[{"href":"https:\/\/gadbulan.gob.ec\/azuay\/wp-json\/wp\/v2\/pages\/2598","targetHints":{"allow":["GET"]}}],"collection":[{"href":"https:\/\/gadbulan.gob.ec\/azuay\/wp-json\/wp\/v2\/pages"}],"about":[{"href":"https:\/\/gadbulan.gob.ec\/azuay\/wp-json\/wp\/v2\/types\/page"}],"author":[{"embeddable":true,"href":"https:\/\/gadbulan.gob.ec\/azuay\/wp-json\/wp\/v2\/users\/4"}],"replies":[{"embeddable":true,"href":"https:\/\/gadbulan.gob.ec\/azuay\/wp-json\/wp\/v2\/comments?post=2598"}],"version-history":[{"count":54,"href":"https:\/\/gadbulan.gob.ec\/azuay\/wp-json\/wp\/v2\/pages\/2598\/revisions"}],"predecessor-version":[{"id":5940,"href":"https:\/\/gadbulan.gob.ec\/azuay\/wp-json\/wp\/v2\/pages\/2598\/revisions\/5940"}],"wp:attachment":[{"href":"https:\/\/gadbulan.gob.ec\/azuay\/wp-json\/wp\/v2\/media?parent=2598"}],"wp:term":[{"taxonomy":"yst_prominent_words","embeddable":true,"href":"https:\/\/gadbulan.gob.ec\/azuay\/wp-json\/wp\/v2\/yst_prominent_words?post=2598"}],"curies":[{"name":"wp","href":"https:\/\/api.w.org\/{rel}","templated":true}]}}