{"id":4454,"date":"2023-12-30T10:05:43","date_gmt":"2023-12-30T14:05:43","guid":{"rendered":"https:\/\/gadbulan.gob.ec\/azuay\/?page_id=4454"},"modified":"2024-06-28T13:17:07","modified_gmt":"2024-06-28T17:17:07","slug":"rendicion-de-cuentas-2024","status":"publish","type":"page","link":"https:\/\/gadbulan.gob.ec\/azuay\/rendicion-de-cuentas-2024\/","title":{"rendered":"Rendici\u00f3n de Cuentas 2023-1"},"content":{"rendered":"<p><a href=\"https:\/\/gadbulan.gob.ec\/azuay\/wp-content\/uploads\/2024\/06\/Rendicion-de-cuentas.jpg\"><img loading=\"lazy\" decoding=\"async\" class=\"alignnone size-medium wp-image-4763\" src=\"https:\/\/gadbulan.gob.ec\/azuay\/wp-content\/uploads\/2024\/06\/Rendicion-de-cuentas-550x461.jpg\" alt=\"\" width=\"550\" height=\"461\" srcset=\"https:\/\/gadbulan.gob.ec\/azuay\/wp-content\/uploads\/2024\/06\/Rendicion-de-cuentas-550x461.jpg 550w, https:\/\/gadbulan.gob.ec\/azuay\/wp-content\/uploads\/2024\/06\/Rendicion-de-cuentas-768x644.jpg 768w, https:\/\/gadbulan.gob.ec\/azuay\/wp-content\/uploads\/2024\/06\/Rendicion-de-cuentas.jpg 940w\" sizes=\"auto, (max-width: 550px) 100vw, 550px\" \/><\/a><\/p>\n<p><strong>FASE 1 PLANIFICACI\u00d3N Y FACILITACI\u00d3N DESDE LA ASAMBLEA LOCAL<\/strong><\/p>\n<ul style=\"list-style-type: square;\">\n<li><a href=\"https:\/\/gadbulan.gob.ec\/azuay\/wp-content\/uploads\/2024\/06\/Comunicado-a-los-vocales-para-el-desarrollo-de-la-rendicion-cuentas-2023.pdf\">Comunicado a los vocales para el desarrollo de la rendici\u00f3n cuentas 2023 como autoridades del GAD Parroquial de Bul\u00e1n<\/a><\/li>\n<\/ul>\n<ul>\n<li><a href=\"https:\/\/gadbulan.gob.ec\/azuay\/wp-content\/uploads\/2024\/06\/Delegacion-Rendicion-de-cuentas.pdf\">Delegaci\u00f3n Rendici\u00f3n de cuentas<\/a><\/li>\n<li><a href=\"https:\/\/gadbulan.gob.ec\/azuay\/wp-content\/uploads\/2024\/06\/OFICIO-005-TP-GADPB-RENDICION-DE-CUENTAS-signed.pdf\">OFICIO ENTREGA DE INFORME SOBRE SOCIALIZACI\u00d3N DEL PROCESO DE RENDICI\u00d3N DE CUENTAS 2023.<\/a><\/li>\n<li><a href=\"https:\/\/gadbulan.gob.ec\/azuay\/wp-content\/uploads\/2024\/06\/INFORME-RENDICION-DE-CUENTAS-2023-BULAN-signed.pdf\">SOCIALIZACI\u00d3N DEL PROCESO DE RENDICION DE CUENTAS 2023 BULAN-signed<\/a><\/li>\n<li><a href=\"https:\/\/gadbulan.gob.ec\/azuay\/wp-content\/uploads\/2024\/06\/OFICIO-CIRCULAR-NRO-010-GADPB-JO-2024-signed.pdf\">CONVOCATORIA PARA LA conformaci\u00f3n del Consejo de Participaci\u00f3n Ciudadana y Control Social A\u00d1O 2023<\/a>\n<ul>\n<li><a href=\"https:\/\/gadbulan.gob.ec\/azuay\/wp-content\/uploads\/2024\/06\/Registro-Entrega-Convocatorias-Conformacion-Consejo-de-Participacion-Ciudadana_rotated.pdf\">Registro Entrega Convocatorias Conformaci\u00f3n Consejo de Participaci\u00f3n Ciudadana<\/a><\/li>\n<li><a href=\"https:\/\/gadbulan.gob.ec\/azuay\/wp-content\/uploads\/2024\/06\/Acta-Conformacion-Consejo-de-Participacion-Ciudadana-1.pdf\">Acta Conformaci\u00f3n Consejo de Participaci\u00f3n Ciudadana<\/a><\/li>\n<li><a href=\"https:\/\/gadbulan.gob.ec\/azuay\/wp-content\/uploads\/2024\/06\/Registro-Asamblea-General-Conformacion-de-Consejo-de-participacion-Ciudadana.pdf\">Registro Asamblea General Conformaci\u00f3n de Consejo de participaci\u00f3n Ciudadana<\/a><\/li>\n<\/ul>\n<\/li>\n<li><a href=\"https:\/\/gadbulan.gob.ec\/azuay\/wp-content\/uploads\/2024\/06\/Solicitud-Levantamiento-de-preguntas.pdf\">Solicitud Levantamiento de preguntas<\/a><\/li>\n<li><a href=\"https:\/\/gadbulan.gob.ec\/azuay\/wp-content\/uploads\/2024\/06\/OFICIO-CIRCULAR-NRO-011-GADPB-JO-2024-signed.pdf\">CONVOCATORIA PARA EL DESARROLLO FASE 1 RENDICI\u00d3N DE CUENTAS<\/a>\n<ul>\n<li><a href=\"https:\/\/gadbulan.gob.ec\/azuay\/wp-content\/uploads\/2024\/06\/Acta-Conformacion-Comision-Mixta.pdf\">Acta Conformaci\u00f3n Comisi\u00f3n Mixta.<\/a><\/li>\n<li><a href=\"https:\/\/gadbulan.gob.ec\/azuay\/wp-content\/uploads\/2024\/06\/Registro-de-Asistencia-Conformacion-de-Comision-Mixta.pdf\">Registro de Asistencia Conformaci\u00f3n de Comisi\u00f3n Mixta<\/a><\/li>\n<\/ul>\n<\/li>\n<li><a href=\"https:\/\/gadbulan.gob.ec\/azuay\/wp-content\/uploads\/2024\/06\/Listado-de-preguntas-planteadas-por-la-ciudadania.pdf\">Listado de preguntas planteadas por la ciudadan\u00eda<\/a><\/li>\n<\/ul>\n<p><strong>FASE 2 EVALUACI\u00d3N DE GESTI\u00d3N Y ELABORACI\u00d3N DEL INFORME DE RENDICI\u00d3N DE CUENTAS<\/strong><\/p>\n<p><a href=\"https:\/\/gadbulan.gob.ec\/azuay\/wp-content\/uploads\/2024\/06\/Convocatoria-para-la-evaluacion-del-Informe-Narrativo.pdf\">Convocatoria para la evaluaci\u00f3n del Informe Institucional<\/a><\/p>\n<p><a href=\"https:\/\/gadbulan.gob.ec\/azuay\/wp-content\/uploads\/2024\/06\/FORMULARIO-RENDICION-CUENTAS-2023.xlsx\">FORMULARIO RENDICI\u00d3N CUENTAS 2023<\/a><\/p>\n<p><a href=\"https:\/\/gadbulan.gob.ec\/azuay\/wp-content\/uploads\/2024\/06\/OFICIO-016-TP-ENTREGA-INFORME-FASE-II-EVALUACION-RENDICION-DE-CUENTAS-2023-signed.pdf\">INFORME FASE II EVALUACION RENDICION DE CUENTAS 2023-signed<\/a><\/p>\n<p><a href=\"https:\/\/gadbulan.gob.ec\/azuay\/wp-content\/uploads\/2024\/06\/CRONOGRAMA-REPROGRAMADO-signed-1.pdf\">CRONOGRAMA REPROGRAMADO-signed <\/a><\/p>\n<p><a href=\"https:\/\/gadbulan.gob.ec\/azuay\/wp-content\/uploads\/2024\/05\/RESOLUCION-Nro.-09-APROBACION-DE-INFORME-DE-RENDICION-DE-CUENTAS-signed.pdf\">RESOLUCION Nro. 09 APROBACION DE INFORME DE RENDICION DE CUENTAS-signed<\/a><\/p>\n<p><a href=\"https:\/\/gadbulan.gob.ec\/azuay\/wp-content\/uploads\/2024\/06\/INFORME-DE-EVALUACION-NARRATIVO-2023.pdf\">INFORME DE EVALUACI\u00d3N NARRATIVO 2023<\/a><\/p>\n<p><a href=\"https:\/\/gadbulan.gob.ec\/azuay\/wp-content\/uploads\/2024\/05\/NARRATIVO-PRELIMINAR-RC-2023-BULAN.pdf\">NARRATIVO PRELIMINAR RC 2023 BUL\u00c1N APROBADO<\/a><\/p>\n<p><strong>FASE 3 DELIBERACI\u00d3N P\u00daBLICA SOBRE EL INFORME DE RENDICI\u00d3N DE CUENTAS Y EVALUACI\u00d3N CIUDADANA<\/strong><\/p>\n<p><a href=\"https:\/\/gadbulan.gob.ec\/azuay\/wp-content\/uploads\/2024\/06\/Priorizacion-De-obras-2023.pdf\">Priorizacion De obras 2023<\/a><\/p>\n<p><a href=\"https:\/\/gadbulan.gob.ec\/azuay\/wp-content\/uploads\/2024\/06\/Acta-Nro.033-GADPB-RB-2022.pdf\">Aprobaci\u00f3n del Presupuesto y POA 2023<\/a><\/p>\n<p><a href=\"https:\/\/gadbulan.gob.ec\/azuay\/wp-content\/uploads\/2024\/06\/Acta-Priorizacion-Presupuesto-2024.pdf\">Acta Priorizacion Presupuesto 2024<\/a><\/p>\n<p><a href=\"https:\/\/gadbulan.gob.ec\/azuay\/wp-content\/uploads\/2024\/06\/cedulagastos-4to-trimestre-2023-signed-signed.pdf\">cedulagastos anual 2023<\/a><\/p>\n<p>Proyectos ejecutados a\u00f1o 2023 GAD Parroquial de Bul\u00e1n:<\/p>\n<p><a href=\"https:\/\/gadbulan.gob.ec\/azuay\/wp-content\/uploads\/2024\/06\/1.-atencion-al-sector-vulnerable.pdf\">1. atencion al sector vulnerable<\/a><\/p>\n<p><a href=\"https:\/\/gadbulan.gob.ec\/azuay\/wp-content\/uploads\/2024\/06\/2.-mantenimiento-de-los-sistemas-de-agua-potable.pdf\">2. mantenimiento de los sistemas de agua potable<\/a><\/p>\n<p><a href=\"https:\/\/gadbulan.gob.ec\/azuay\/wp-content\/uploads\/2024\/06\/3.-mantenimiento-vial-mediante-la-retroexcavadora.pdf\">3. mantenimiento vial mediante la retroexcavadora<\/a><\/p>\n<p><a href=\"https:\/\/gadbulan.gob.ec\/azuay\/wp-content\/uploads\/2024\/06\/4.-construccion-de-la-cubierta-de-la-cancha-de-la-escuela-honorato-loyola.pdf\">4. construccion de la cubierta de la cancha de la escuela honorato loyola<\/a><\/p>\n<p><a href=\"https:\/\/gadbulan.gob.ec\/azuay\/wp-content\/uploads\/2024\/06\/5.-asesoria-tecnica.pdf\">5. asesoria tecnica<\/a><\/p>\n<p><a href=\"https:\/\/gadbulan.gob.ec\/azuay\/wp-content\/uploads\/2024\/06\/7.-construccion-de-areas-de-comercializacion-zig-zag.pdf\">6. construccion de areas de comercializacion zig-zag<\/a><\/p>\n<p><a href=\"https:\/\/gadbulan.gob.ec\/azuay\/wp-content\/uploads\/2024\/06\/8.-apoyo-a-la-produccion.pdf\">7. apoyo a la produccion<\/a><\/p>\n<p><a href=\"https:\/\/gadbulan.gob.ec\/azuay\/wp-content\/uploads\/2024\/06\/9.-mantenimiento-de-areas-verdes-y-espacios-publicos.pdf\">8. mantenimiento de areas verdes y espacios publicos<\/a><\/p>\n<p><a href=\"https:\/\/gadbulan.gob.ec\/azuay\/wp-content\/uploads\/2024\/06\/10.-fomento-a-la-produccion-y-al-turismo.pdf\">9. fomento a la produccion y al turismo<\/a><\/p>\n<p><a href=\"https:\/\/gadbulan.gob.ec\/azuay\/wp-content\/uploads\/2024\/06\/11.-mantenimiento-a-nivel-de-lastre.pdf\">10. mantenimiento a nivel de lastre<\/a><\/p>\n<p><a href=\"https:\/\/gadbulan.gob.ec\/azuay\/wp-content\/uploads\/2024\/06\/Informe-Convenio-Prefectura-Zigzag-signed-signed.pdf\">Informe Convenio Prefectura Zigzag-signed-signed<\/a><\/p>\n<p>COMPRAS REALIZADAS EN EL PORTAL DE COMPRAS P\u00daBLICAS A\u00d1O 2023<\/p>\n<ul style=\"list-style-type: circle;\">\n<li><a href=\"https:\/\/gadbulan.gob.ec\/azuay\/wp-content\/uploads\/2024\/06\/COMPRAS-REALIZADAS-POR-CATALOGO-ELECTRONICO-2023.pdf\">CATALOGO ELECTRONICO 2023<\/a><\/li>\n<li><a href=\"https:\/\/gadbulan.gob.ec\/azuay\/wp-content\/uploads\/2024\/06\/INFIMA-CUANTIA-2023-1.pdf\">INF\u00cdMA CUANT\u00cdA 2023<\/a><\/li>\n<li><a href=\"https:\/\/gadbulan.gob.ec\/azuay\/wp-content\/uploads\/2024\/06\/MENOR-CUANTIA-OBRAS-2023.pdf\">MENOR CUANT\u00cdA OBRAS 2023<\/a><\/li>\n<li><a href=\"https:\/\/gadbulan.gob.ec\/azuay\/wp-content\/uploads\/2024\/06\/COMPRA-REALIZADA-POR-FERIA-INCLUSIVA-2023.pdf\">COMPRA REALIZADA POR FERIA INCLUSIVA 2023<\/a><\/li>\n<\/ul>\n<p><a href=\"https:\/\/gadbulan.gob.ec\/azuay\/wp-content\/uploads\/2024\/05\/Certificado-de-cumplimiento.pdf\">Certificado Informe anual de cumplimiento LOTAIP 2023<\/a><\/p>\n<p><a href=\"https:\/\/gadbulan.gob.ec\/azuay\/wp-content\/uploads\/2024\/05\/Informe-cumplimiento-proyecto-raciones-alimenticias-2023.pdf\">Informe cumplimiento proyecto raciones alimenticias 2023<\/a><\/p>\n<p><a href=\"https:\/\/gadbulan.gob.ec\/azuay\/wp-content\/uploads\/2024\/05\/Informe-cumplimiento-colonia-vacacional-2023-signed.pdf\">Informe cumplimiento colonia vacacional 2023-signed<\/a><\/p>\n<p><a href=\"https:\/\/gadbulan.gob.ec\/azuay\/wp-content\/uploads\/2024\/06\/Acta-Entrega-Recepcion-Contrato.pdf\">Acta Entrega Recepci\u00f3n Contrato<\/a><\/p>\n<p><a href=\"https:\/\/gadbulan.gob.ec\/azuay\/wp-content\/uploads\/2024\/06\/PROYECTO-PARROQUIALIZACION-BULAN.pdf\">PROYECTO PARROQUIALIZACION BULAN<\/a><\/p>\n<p><a href=\"https:\/\/gadbulan.gob.ec\/azuay\/wp-content\/uploads\/2024\/06\/CamScanner-27-06-2024-13.121.pdf\">APORTE CIUDADANO\u00a0<\/a><\/p>\n<p><strong>FASE 4 INCOPORACI\u00d3N DE LA OPINI\u00d3N CIUDADANA Y ENTREGA DEL INFORME DE RENDICI\u00d3N DE CUENTAS AL CPCCS.<\/strong><\/p>\n<p><a href=\"https:\/\/gadbulan.gob.ec\/azuay\/wp-content\/uploads\/2024\/06\/FORMULARIO-RENDICION-DE-CUENTAS-CPCCS-BULAN-2023-2.xlsx\">FORMULARIO RENDICI\u00d3N DE CUENTAS CPCCS-FINAL- BULAN 2023<\/a><\/p>\n<p><a href=\"https:\/\/gadbulan.gob.ec\/azuay\/wp-content\/uploads\/2024\/06\/Registro-Entrega-de-convocatorias-para-el-desarrollo-de-la-rendicion-de-Cuentas-2023.pdf\">Registro Entrega de convocatorias para el desarrollo de la rendici\u00f3n de Cuentas 2023<\/a><\/p>\n<p><a href=\"https:\/\/gadbulan.gob.ec\/azuay\/wp-content\/uploads\/2024\/06\/Convocatoria-Fase-3-Deliberacion-Publica.pdf\">Convocatoria Fase 3 Deliberaci\u00f3n P\u00fablica<\/a><\/p>\n<p><a href=\"https:\/\/gadbulan.gob.ec\/azuay\/wp-content\/uploads\/2024\/06\/PRESENTACION-RENDICION-DE-CUENTAS-2023.pdf\">INFORME RENDICION DE CUENTAS 2023<\/a><\/p>\n<p><a href=\"https:\/\/gadbulan.gob.ec\/azuay\/wp-content\/uploads\/2024\/06\/REGISTRO-PARTICIPAN-EN-LA-DELIBERACION-PUBLICA-GAD-BULAN.pdf\">REGISTRO PARTICIPAN EN LA DELIBERACI\u00d3N PUBLICA GAD BUL\u00c1N<\/a><\/p>\n<p><a href=\"https:\/\/gadbulan.gob.ec\/azuay\/wp-content\/uploads\/2024\/06\/PLAN-DE-TRABAJO-GAD-BULAN-RENDICION-DE-CUENTAS-2023.pdf\">PLAN DE TRABAJO GAD BULAN-RENDICI\u00d3N DE CUENTAS 2023<\/a><\/p>\n<p><a href=\"https:\/\/gadbulan.gob.ec\/azuay\/wp-content\/uploads\/2024\/06\/INFORME-DE-RENDICION-DE-CUENTAS-No-13905.pdf\">INFORME DE RENDICI\u00d3N DE CUENTAS No 13905<\/a><\/p>\n<p><a href=\"https:\/\/gadbulan.gob.ec\/azuay\/wp-content\/uploads\/2024\/06\/Relpaldo-de-Cumplimiento-Informe-Rendicion-de-Cuentas-2023-Bulan.pdf\">Evidencia de Cumplimiento Informe Rendici\u00f3n de Cuentas 2023 Bul\u00e1n.<\/a><\/p>\n<p><strong>RENDIDIC\u00d3N DE CUENTAS AUTORIDADES CORRESPONDIENTE AL A\u00d1O 2023<\/strong><\/p>\n<p>________________________________________________________________<\/p>\n<p><strong>Certificado de cumplimiento tributario<\/strong><\/p>\n<p><a href=\"https:\/\/gadbulan.gob.ec\/azuay\/wp-content\/uploads\/2024\/06\/Certificado_Cumplimiento_Tributario-Sr.-Jhony-Orellana.pdf\">Certificado_Cumplimiento_Tributario Sr. Jhony Orellana<\/a><\/p>\n<p><a href=\"https:\/\/gadbulan.gob.ec\/azuay\/wp-content\/uploads\/2024\/06\/Certificado-de-cumplimiento-tributario-Sr.-Patricio-Segarra.pdf\">Certificado de cumplimiento tributario Sr. Patricio Segarra<\/a><\/p>\n<p><a href=\"https:\/\/gadbulan.gob.ec\/azuay\/wp-content\/uploads\/2024\/06\/RENDICION-DE-CUENTAS-MONICA-CONSEPCION-GUILLEN-TACURI-1.pdf\">INFORME CPCCS-RENDICION DE CUENTAS MONICA CONSEPCION GUILLEN TACURI <\/a><\/p>\n","protected":false},"excerpt":{"rendered":"<p>FASE 1 PLANIFICACI\u00d3N Y FACILITACI\u00d3N DESDE LA ASAMBLEA LOCAL Comunicado a los vocales para el desarrollo de la rendici\u00f3n cuentas 2023 como autoridades del GAD Parroquial de Bul\u00e1n Delegaci\u00f3n Rendici\u00f3n de cuentas OFICIO ENTREGA DE INFORME SOBRE SOCIALIZACI\u00d3N DEL PROCESO DE RENDICI\u00d3N DE CUENTAS 2023. SOCIALIZACI\u00d3N DEL PROCESO DE RENDICION DE CUENTAS 2023 BULAN-signed CONVOCATORIA [&hellip;]<\/p>\n","protected":false},"author":4,"featured_media":0,"parent":0,"menu_order":0,"comment_status":"closed","ping_status":"closed","template":"","meta":{"footnotes":""},"yst_prominent_words":[91,288,68,64],"class_list":["post-4454","page","type-page","status-publish","hentry"],"_links":{"self":[{"href":"https:\/\/gadbulan.gob.ec\/azuay\/wp-json\/wp\/v2\/pages\/4454","targetHints":{"allow":["GET"]}}],"collection":[{"href":"https:\/\/gadbulan.gob.ec\/azuay\/wp-json\/wp\/v2\/pages"}],"about":[{"href":"https:\/\/gadbulan.gob.ec\/azuay\/wp-json\/wp\/v2\/types\/page"}],"author":[{"embeddable":true,"href":"https:\/\/gadbulan.gob.ec\/azuay\/wp-json\/wp\/v2\/users\/4"}],"replies":[{"embeddable":true,"href":"https:\/\/gadbulan.gob.ec\/azuay\/wp-json\/wp\/v2\/comments?post=4454"}],"version-history":[{"count":75,"href":"https:\/\/gadbulan.gob.ec\/azuay\/wp-json\/wp\/v2\/pages\/4454\/revisions"}],"predecessor-version":[{"id":4897,"href":"https:\/\/gadbulan.gob.ec\/azuay\/wp-json\/wp\/v2\/pages\/4454\/revisions\/4897"}],"wp:attachment":[{"href":"https:\/\/gadbulan.gob.ec\/azuay\/wp-json\/wp\/v2\/media?parent=4454"}],"wp:term":[{"taxonomy":"yst_prominent_words","embeddable":true,"href":"https:\/\/gadbulan.gob.ec\/azuay\/wp-json\/wp\/v2\/yst_prominent_words?post=4454"}],"curies":[{"name":"wp","href":"https:\/\/api.w.org\/{rel}","templated":true}]}}