{"id":5585,"date":"2025-03-28T18:46:51","date_gmt":"2025-03-28T22:46:51","guid":{"rendered":"https:\/\/gadbulan.gob.ec\/azuay\/?page_id=5585"},"modified":"2025-06-19T16:14:37","modified_gmt":"2025-06-19T20:14:37","slug":"pdot","status":"publish","type":"page","link":"https:\/\/gadbulan.gob.ec\/azuay\/pdot\/","title":{"rendered":"PDOT"},"content":{"rendered":"<p><a href=\"https:\/\/gadbulan.gob.ec\/azuay\/wp-content\/uploads\/2025\/03\/CONSOLIDADO-PDOT-MAURICIO.pdf\">CONSOLIDADO PDOT -GAD PARROQUIAL DE BUL\u00c1N\u00a0<\/a><\/p>\n<p><a href=\"https:\/\/gadbulan.gob.ec\/azuay\/wp-content\/uploads\/2025\/03\/Informe-Favorable-CCP.pdf\">Informe Favorable CCP<\/a><\/p>\n<p><a href=\"https:\/\/gadbulan.gob.ec\/azuay\/wp-content\/uploads\/2025\/03\/Aprobacion-PDOT_Organo-Legislativo-1ra.-instancia.pdf\">Aprobaci\u00f3n PDOT_\u00d3rgano Legislativo 1ra. instancia<\/a><\/p>\n<p><a href=\"https:\/\/gadbulan.gob.ec\/azuay\/wp-content\/uploads\/2025\/03\/Aprobacion-Organo-Legislativo-segunda-instancia.pdf\">Aprobaci\u00f3n \u00d3rgano Legislativo segunda instancia<\/a><\/p>\n<p><a href=\"https:\/\/gadbulan.gob.ec\/azuay\/wp-content\/uploads\/2025\/03\/RESOLUCIONES-APROBACION-DEL-PDOT_05_NOVIEMBRE_2024-signed.pdf\">RESOLUCIONES APROBACION DEL PDOT_05_NOVIEMBRE_2024-signed\u00a0<\/a><\/p>\n<p><a href=\"https:\/\/gadbulan.gob.ec\/azuay\/wp-content\/uploads\/2025\/04\/Registro-Oficial-PDOT-Bulan.pdf\">Registro Oficial PDOT Bul\u00e1n<\/a><\/p>\n","protected":false},"excerpt":{"rendered":"<p>CONSOLIDADO PDOT -GAD PARROQUIAL DE BUL\u00c1N\u00a0 Informe Favorable CCP Aprobaci\u00f3n PDOT_\u00d3rgano Legislativo 1ra. instancia Aprobaci\u00f3n \u00d3rgano Legislativo segunda instancia RESOLUCIONES APROBACION DEL PDOT_05_NOVIEMBRE_2024-signed\u00a0 Registro Oficial PDOT Bul\u00e1n<\/p>\n","protected":false},"author":4,"featured_media":0,"parent":0,"menu_order":0,"comment_status":"closed","ping_status":"closed","template":"","meta":{"footnotes":""},"yst_prominent_words":[270],"class_list":["post-5585","page","type-page","status-publish","hentry"],"_links":{"self":[{"href":"https:\/\/gadbulan.gob.ec\/azuay\/wp-json\/wp\/v2\/pages\/5585","targetHints":{"allow":["GET"]}}],"collection":[{"href":"https:\/\/gadbulan.gob.ec\/azuay\/wp-json\/wp\/v2\/pages"}],"about":[{"href":"https:\/\/gadbulan.gob.ec\/azuay\/wp-json\/wp\/v2\/types\/page"}],"author":[{"embeddable":true,"href":"https:\/\/gadbulan.gob.ec\/azuay\/wp-json\/wp\/v2\/users\/4"}],"replies":[{"embeddable":true,"href":"https:\/\/gadbulan.gob.ec\/azuay\/wp-json\/wp\/v2\/comments?post=5585"}],"version-history":[{"count":5,"href":"https:\/\/gadbulan.gob.ec\/azuay\/wp-json\/wp\/v2\/pages\/5585\/revisions"}],"predecessor-version":[{"id":5651,"href":"https:\/\/gadbulan.gob.ec\/azuay\/wp-json\/wp\/v2\/pages\/5585\/revisions\/5651"}],"wp:attachment":[{"href":"https:\/\/gadbulan.gob.ec\/azuay\/wp-json\/wp\/v2\/media?parent=5585"}],"wp:term":[{"taxonomy":"yst_prominent_words","embeddable":true,"href":"https:\/\/gadbulan.gob.ec\/azuay\/wp-json\/wp\/v2\/yst_prominent_words?post=5585"}],"curies":[{"name":"wp","href":"https:\/\/api.w.org\/{rel}","templated":true}]}}